{"id":189,"date":"2022-11-17T12:48:03","date_gmt":"2022-11-17T12:48:03","guid":{"rendered":"https:\/\/ventaonline.aczalosllanosdearidane.com\/modas-hernandez\/?post_type=product&#038;p=189"},"modified":"2022-11-17T12:48:30","modified_gmt":"2022-11-17T12:48:30","slug":"bruma-iluminadora-mickey-jingle-all-the-way","status":"publish","type":"product","link":"https:\/\/ventaonline.aczalosllanosdearidane.com\/modas-hernandez\/producto\/bruma-iluminadora-mickey-jingle-all-the-way\/","title":{"rendered":"Bruma iluminadora Mickey Jingle all the Way"},"content":{"rendered":"<p>Completa tu look navide\u00f1o a\u00f1adiendo un poco de brillo con la\u00a0<strong>bruma corporal iluminadora Mickey Jingle all the Way de Mad Beauty<\/strong>.<\/p>\n<p>Con una incre\u00edble fragancia de bayas escarchadas.<\/p>\n<p>S\u00f3lo tienes que rociar la niebla afrutada sobre tu piel y ver c\u00f3mo deslumbra el brillo plateado.<\/p>\n","protected":false},"excerpt":{"rendered":"<p>Completa tu look navide\u00f1o a\u00f1adiendo un poco de brillo con la\u00a0bruma corporal iluminadora Mickey Jingle all the Way de Mad Beauty. Con una incre\u00edble fragancia de bayas escarchadas. S\u00f3lo tienes que rociar la niebla afrutada sobre tu piel y ver c\u00f3mo deslumbra el brillo plateado.<\/p>\n","protected":false},"featured_media":190,"comment_status":"open","ping_status":"closed","template":"","meta":[],"product_cat":[52],"product_tag":[],"class_list":["post-189","product","type-product","status-publish","has-post-thumbnail","hentry","product_cat-beauty"],"_links":{"self":[{"href":"https:\/\/ventaonline.aczalosllanosdearidane.com\/modas-hernandez\/wp-json\/wp\/v2\/product\/189","targetHints":{"allow":["GET"]}}],"collection":[{"href":"https:\/\/ventaonline.aczalosllanosdearidane.com\/modas-hernandez\/wp-json\/wp\/v2\/product"}],"about":[{"href":"https:\/\/ventaonline.aczalosllanosdearidane.com\/modas-hernandez\/wp-json\/wp\/v2\/types\/product"}],"replies":[{"embeddable":true,"href":"https:\/\/ventaonline.aczalosllanosdearidane.com\/modas-hernandez\/wp-json\/wp\/v2\/comments?post=189"}],"wp:featuredmedia":[{"embeddable":true,"href":"https:\/\/ventaonline.aczalosllanosdearidane.com\/modas-hernandez\/wp-json\/wp\/v2\/media\/190"}],"wp:attachment":[{"href":"https:\/\/ventaonline.aczalosllanosdearidane.com\/modas-hernandez\/wp-json\/wp\/v2\/media?parent=189"}],"wp:term":[{"taxonomy":"product_cat","embeddable":true,"href":"https:\/\/ventaonline.aczalosllanosdearidane.com\/modas-hernandez\/wp-json\/wp\/v2\/product_cat?post=189"},{"taxonomy":"product_tag","embeddable":true,"href":"https:\/\/ventaonline.aczalosllanosdearidane.com\/modas-hernandez\/wp-json\/wp\/v2\/product_tag?post=189"}],"curies":[{"name":"wp","href":"https:\/\/api.w.org\/{rel}","templated":true}]}}