{"id":194,"date":"2022-11-17T17:07:58","date_gmt":"2022-11-17T17:07:58","guid":{"rendered":"https:\/\/ventaonline.aczalosllanosdearidane.com\/modas-hernandez\/?post_type=product&#038;p=194"},"modified":"2022-11-17T17:29:22","modified_gmt":"2022-11-17T17:29:22","slug":"crema-de-manos-mickey-jingle-all-way","status":"publish","type":"product","link":"https:\/\/ventaonline.aczalosllanosdearidane.com\/modas-hernandez\/producto\/crema-de-manos-mickey-jingle-all-way\/","title":{"rendered":"Crema de Manos Mickey Jingle All Way"},"content":{"rendered":"<p>\u00a1Un alegre regalo para entregar a un ser querido o a ti mismo de la colecci\u00f3n\u00a0<strong>Mickey Jingle All The Way<\/strong>!<\/p>\n<p>Esta crema de manos\u00a0<strong>Mickey Mouse\u00a0<\/strong>con aroma a malvavisco tostado deja las manos s\u00faper suaves y ligeramente perfumadas.<\/p>\n<p>La base de pie esta crema\u00a0hace que puedas colocarla en el centro de cualquier tocador o escritorio, y su\u00a0mecanismo de la llave est\u00e1 dise\u00f1ado para ayudarte a aprovechar hasta la \u00faltima gota.<\/p>\n<p>Y lo que es mejor, su base es reutilizable, por lo que podr\u00e1s probarlo con m\u00e1s productos de belleza.<\/p>\n","protected":false},"excerpt":{"rendered":"<p>\u00a1Un alegre regalo para entregar a un ser querido o a ti mismo de la colecci\u00f3n\u00a0Mickey Jingle All The Way! Esta crema de manos\u00a0Mickey Mouse\u00a0con aroma a malvavisco tostado deja las manos s\u00faper suaves y ligeramente perfumadas. La base de pie esta crema\u00a0hace que puedas colocarla en el centro de cualquier tocador o escritorio, y [&hellip;]<\/p>\n","protected":false},"featured_media":195,"comment_status":"open","ping_status":"closed","template":"","meta":[],"product_cat":[52],"product_tag":[],"class_list":["post-194","product","type-product","status-publish","has-post-thumbnail","hentry","product_cat-beauty"],"_links":{"self":[{"href":"https:\/\/ventaonline.aczalosllanosdearidane.com\/modas-hernandez\/wp-json\/wp\/v2\/product\/194","targetHints":{"allow":["GET"]}}],"collection":[{"href":"https:\/\/ventaonline.aczalosllanosdearidane.com\/modas-hernandez\/wp-json\/wp\/v2\/product"}],"about":[{"href":"https:\/\/ventaonline.aczalosllanosdearidane.com\/modas-hernandez\/wp-json\/wp\/v2\/types\/product"}],"replies":[{"embeddable":true,"href":"https:\/\/ventaonline.aczalosllanosdearidane.com\/modas-hernandez\/wp-json\/wp\/v2\/comments?post=194"}],"wp:featuredmedia":[{"embeddable":true,"href":"https:\/\/ventaonline.aczalosllanosdearidane.com\/modas-hernandez\/wp-json\/wp\/v2\/media\/195"}],"wp:attachment":[{"href":"https:\/\/ventaonline.aczalosllanosdearidane.com\/modas-hernandez\/wp-json\/wp\/v2\/media?parent=194"}],"wp:term":[{"taxonomy":"product_cat","embeddable":true,"href":"https:\/\/ventaonline.aczalosllanosdearidane.com\/modas-hernandez\/wp-json\/wp\/v2\/product_cat?post=194"},{"taxonomy":"product_tag","embeddable":true,"href":"https:\/\/ventaonline.aczalosllanosdearidane.com\/modas-hernandez\/wp-json\/wp\/v2\/product_tag?post=194"}],"curies":[{"name":"wp","href":"https:\/\/api.w.org\/{rel}","templated":true}]}}