{"id":203,"date":"2022-11-17T17:28:15","date_gmt":"2022-11-17T17:28:15","guid":{"rendered":"https:\/\/ventaonline.aczalosllanosdearidane.com\/modas-hernandez\/?post_type=product&#038;p=203"},"modified":"2022-11-17T17:28:17","modified_gmt":"2022-11-17T17:28:17","slug":"bombas-de-bano-mickey-jingle-all-the-way","status":"publish","type":"product","link":"https:\/\/ventaonline.aczalosllanosdearidane.com\/modas-hernandez\/producto\/bombas-de-bano-mickey-jingle-all-the-way\/","title":{"rendered":"Bombas de Ba\u00f1o Mickey Jingle All The Way"},"content":{"rendered":"<p>\u00bfTe gusta relajarte con un ba\u00f1o caliente? Las bombas de ba\u00f1o efervescentes Mickey Mouse Jingle All The Way te garantizan una experiencia relajante y arom\u00e1tica despu\u00e9s de un largo d\u00eda.<\/p>\n<p>3 x 80 g<\/p>\n<p><strong>Caracter\u00edsticas:<\/strong><\/p>\n<ul>\n<li>tiene un agradable aroma<\/li>\n<li>regenera la piel<\/li>\n<li>suaviza y tersa<\/li>\n<\/ul>\n<p><strong>Modo de empleo:<\/strong><br \/>\nA\u00f1ade al ba\u00f1o caliente y deja que se disuelvan.<\/p>\n","protected":false},"excerpt":{"rendered":"<p>\u00bfTe gusta relajarte con un ba\u00f1o caliente? Las bombas de ba\u00f1o efervescentes Mickey Mouse Jingle All The Way te garantizan una experiencia relajante y arom\u00e1tica despu\u00e9s de un largo d\u00eda. 3 x 80 g Caracter\u00edsticas: tiene un agradable aroma regenera la piel suaviza y tersa Modo de empleo: A\u00f1ade al ba\u00f1o caliente y deja que [&hellip;]<\/p>\n","protected":false},"featured_media":204,"comment_status":"open","ping_status":"closed","template":"","meta":[],"product_cat":[52],"product_tag":[],"class_list":["post-203","product","type-product","status-publish","has-post-thumbnail","hentry","product_cat-beauty"],"_links":{"self":[{"href":"https:\/\/ventaonline.aczalosllanosdearidane.com\/modas-hernandez\/wp-json\/wp\/v2\/product\/203","targetHints":{"allow":["GET"]}}],"collection":[{"href":"https:\/\/ventaonline.aczalosllanosdearidane.com\/modas-hernandez\/wp-json\/wp\/v2\/product"}],"about":[{"href":"https:\/\/ventaonline.aczalosllanosdearidane.com\/modas-hernandez\/wp-json\/wp\/v2\/types\/product"}],"replies":[{"embeddable":true,"href":"https:\/\/ventaonline.aczalosllanosdearidane.com\/modas-hernandez\/wp-json\/wp\/v2\/comments?post=203"}],"wp:featuredmedia":[{"embeddable":true,"href":"https:\/\/ventaonline.aczalosllanosdearidane.com\/modas-hernandez\/wp-json\/wp\/v2\/media\/204"}],"wp:attachment":[{"href":"https:\/\/ventaonline.aczalosllanosdearidane.com\/modas-hernandez\/wp-json\/wp\/v2\/media?parent=203"}],"wp:term":[{"taxonomy":"product_cat","embeddable":true,"href":"https:\/\/ventaonline.aczalosllanosdearidane.com\/modas-hernandez\/wp-json\/wp\/v2\/product_cat?post=203"},{"taxonomy":"product_tag","embeddable":true,"href":"https:\/\/ventaonline.aczalosllanosdearidane.com\/modas-hernandez\/wp-json\/wp\/v2\/product_tag?post=203"}],"curies":[{"name":"wp","href":"https:\/\/api.w.org\/{rel}","templated":true}]}}