{"id":208,"date":"2022-11-17T17:35:02","date_gmt":"2022-11-17T17:35:02","guid":{"rendered":"https:\/\/ventaonline.aczalosllanosdearidane.com\/modas-hernandez\/?post_type=product&#038;p=208"},"modified":"2022-11-17T17:35:03","modified_gmt":"2022-11-17T17:35:03","slug":"ms-behave-rumpy-pumpy-balsamo-de-labios","status":"publish","type":"product","link":"https:\/\/ventaonline.aczalosllanosdearidane.com\/modas-hernandez\/producto\/ms-behave-rumpy-pumpy-balsamo-de-labios\/","title":{"rendered":"Ms. Behave Rumpy Pumpy B\u00e1lsamo de Labios"},"content":{"rendered":"<p>B\u00e1lsamo labial de f\u00e1cil aplicaci\u00f3n. Desliza el b\u00e1lsamo sobre tus labios, dando un extra de hidrataci\u00f3n que ayuda a que tus besos se sientan irresistiblemente suaves.<\/p>\n<p>Beneficios: Hidratar<\/p>\n<p>Ingredientes: ETHYLHEXYL PALMITATE, OZOKERITE, POLYISOBUTENE, BEESWAX (CERA ALBA), HYDROGENATED COCONUT OIL, BUTYROSPERMUM PARKII (SHEA) BUTTER, CETEARYL OLIVATE (STEARYL STEARATE), SORBITAN OLIVATE, ORBIGNYA OLEIFERA SEED OIL, PHENOXYETHANOL, FRAGRANCE (PARFUM), TOCOPHERYL ACETATE.<\/p>\n","protected":false},"excerpt":{"rendered":"<p>B\u00e1lsamo labial de f\u00e1cil aplicaci\u00f3n. Desliza el b\u00e1lsamo sobre tus labios, dando un extra de hidrataci\u00f3n que ayuda a que tus besos se sientan irresistiblemente suaves. Beneficios: Hidratar Ingredientes: ETHYLHEXYL PALMITATE, OZOKERITE, POLYISOBUTENE, BEESWAX (CERA ALBA), HYDROGENATED COCONUT OIL, BUTYROSPERMUM PARKII (SHEA) BUTTER, CETEARYL OLIVATE (STEARYL STEARATE), SORBITAN OLIVATE, ORBIGNYA OLEIFERA SEED OIL, PHENOXYETHANOL, FRAGRANCE [&hellip;]<\/p>\n","protected":false},"featured_media":209,"comment_status":"open","ping_status":"closed","template":"","meta":[],"product_cat":[52],"product_tag":[],"class_list":["post-208","product","type-product","status-publish","has-post-thumbnail","hentry","product_cat-beauty"],"_links":{"self":[{"href":"https:\/\/ventaonline.aczalosllanosdearidane.com\/modas-hernandez\/wp-json\/wp\/v2\/product\/208","targetHints":{"allow":["GET"]}}],"collection":[{"href":"https:\/\/ventaonline.aczalosllanosdearidane.com\/modas-hernandez\/wp-json\/wp\/v2\/product"}],"about":[{"href":"https:\/\/ventaonline.aczalosllanosdearidane.com\/modas-hernandez\/wp-json\/wp\/v2\/types\/product"}],"replies":[{"embeddable":true,"href":"https:\/\/ventaonline.aczalosllanosdearidane.com\/modas-hernandez\/wp-json\/wp\/v2\/comments?post=208"}],"wp:featuredmedia":[{"embeddable":true,"href":"https:\/\/ventaonline.aczalosllanosdearidane.com\/modas-hernandez\/wp-json\/wp\/v2\/media\/209"}],"wp:attachment":[{"href":"https:\/\/ventaonline.aczalosllanosdearidane.com\/modas-hernandez\/wp-json\/wp\/v2\/media?parent=208"}],"wp:term":[{"taxonomy":"product_cat","embeddable":true,"href":"https:\/\/ventaonline.aczalosllanosdearidane.com\/modas-hernandez\/wp-json\/wp\/v2\/product_cat?post=208"},{"taxonomy":"product_tag","embeddable":true,"href":"https:\/\/ventaonline.aczalosllanosdearidane.com\/modas-hernandez\/wp-json\/wp\/v2\/product_tag?post=208"}],"curies":[{"name":"wp","href":"https:\/\/api.w.org\/{rel}","templated":true}]}}