{"id":227,"date":"2022-11-17T17:56:32","date_gmt":"2022-11-17T17:56:32","guid":{"rendered":"https:\/\/ventaonline.aczalosllanosdearidane.com\/modas-hernandez\/?post_type=product&#038;p=227"},"modified":"2022-11-23T19:18:50","modified_gmt":"2022-11-23T19:18:50","slug":"pijama-stitch","status":"publish","type":"product","link":"https:\/\/ventaonline.aczalosllanosdearidane.com\/modas-hernandez\/producto\/pijama-stitch\/","title":{"rendered":"Pijama Stitch"},"content":{"rendered":"<p>Color: \u00danico<\/p>\n<p>Composici\u00f3n: 100% algod\u00f3n<\/p>\n","protected":false},"excerpt":{"rendered":"<p>Color: \u00danico Composici\u00f3n: 100% algod\u00f3n<\/p>\n","protected":false},"featured_media":230,"comment_status":"open","ping_status":"closed","template":"","meta":[],"product_cat":[53],"product_tag":[],"class_list":["post-227","product","type-product","status-publish","has-post-thumbnail","hentry","product_cat-stitch"],"_links":{"self":[{"href":"https:\/\/ventaonline.aczalosllanosdearidane.com\/modas-hernandez\/wp-json\/wp\/v2\/product\/227","targetHints":{"allow":["GET"]}}],"collection":[{"href":"https:\/\/ventaonline.aczalosllanosdearidane.com\/modas-hernandez\/wp-json\/wp\/v2\/product"}],"about":[{"href":"https:\/\/ventaonline.aczalosllanosdearidane.com\/modas-hernandez\/wp-json\/wp\/v2\/types\/product"}],"replies":[{"embeddable":true,"href":"https:\/\/ventaonline.aczalosllanosdearidane.com\/modas-hernandez\/wp-json\/wp\/v2\/comments?post=227"}],"wp:featuredmedia":[{"embeddable":true,"href":"https:\/\/ventaonline.aczalosllanosdearidane.com\/modas-hernandez\/wp-json\/wp\/v2\/media\/230"}],"wp:attachment":[{"href":"https:\/\/ventaonline.aczalosllanosdearidane.com\/modas-hernandez\/wp-json\/wp\/v2\/media?parent=227"}],"wp:term":[{"taxonomy":"product_cat","embeddable":true,"href":"https:\/\/ventaonline.aczalosllanosdearidane.com\/modas-hernandez\/wp-json\/wp\/v2\/product_cat?post=227"},{"taxonomy":"product_tag","embeddable":true,"href":"https:\/\/ventaonline.aczalosllanosdearidane.com\/modas-hernandez\/wp-json\/wp\/v2\/product_tag?post=227"}],"curies":[{"name":"wp","href":"https:\/\/api.w.org\/{rel}","templated":true}]}}